{"id":923,"date":"2024-12-12T09:19:50","date_gmt":"2024-12-12T09:19:50","guid":{"rendered":"https:\/\/neunundzwanziger.de\/?page_id=923"},"modified":"2025-01-27T11:09:22","modified_gmt":"2025-01-27T11:09:22","slug":"association","status":"publish","type":"page","link":"https:\/\/neunundzwanziger.de\/en\/association\/","title":{"rendered":"Association"},"content":{"rendered":"<div data-elementor-type=\"wp-page\" data-elementor-id=\"923\" class=\"elementor elementor-923\" data-elementor-post-type=\"page\">\n\t\t\t\t<div class=\"elementor-element elementor-element-34d357c e-flex e-con-boxed e-con e-parent\" data-id=\"34d357c\" data-element_type=\"container\" data-e-type=\"container\" data-settings=\"{&quot;background_background&quot;:&quot;classic&quot;}\">\n\t\t\t\t\t<div class=\"e-con-inner\">\n\t\t<div class=\"elementor-element elementor-element-c216f3e e-con-full e-flex e-con e-child\" data-id=\"c216f3e\" data-element_type=\"container\" data-e-type=\"container\">\n\t\t\t\t<div class=\"elementor-element elementor-element-79b732f elementor-widget elementor-widget-heading\" data-id=\"79b732f\" data-element_type=\"widget\" data-e-type=\"widget\" data-widget_type=\"heading.default\">\n\t\t\t\t<div class=\"elementor-widget-container\">\n\t\t\t\t\t<h1 class=\"elementor-heading-title elementor-size-default\">Unser Verein \u2013 Der 29er Cannabis Social Club Celle<\/h1>\t\t\t\t<\/div>\n\t\t\t\t<\/div>\n\t\t\t\t<div class=\"elementor-element elementor-element-8282160 elementor-widget__width-inherit elementor-widget-tablet__width-inherit elementor-widget elementor-widget-text-editor\" data-id=\"8282160\" data-element_type=\"widget\" data-e-type=\"widget\" data-widget_type=\"text-editor.default\">\n\t\t\t\t<div class=\"elementor-widget-container\">\n\t\t\t\t\t\t\t\t\t<p><span style=\"font-weight: 600;\">Gemeinschaft, Nachhaltigkeit und h\u00f6chste Qualit\u00e4t \u2013 unser Konzept f\u00fcr eine neue Cannabiskultur<\/span><\/p><p>\u00a0<\/p><p><strong>Willkommen beim 29er Cannabis Social Club Celle<\/strong> \u2013 ein Ort, an dem Leidenschaft, Wissen und Innovation aufeinandertreffen.<\/p><p>\u00a0<\/p><p>Unser Verein steht f\u00fcr eine moderne, verantwortungsvolle und nachhaltige Cannabiskultur, die den Menschen, die Natur und die Gemeinschaft in den Mittelpunkt stellt.<\/p><p>\u00a0<\/p><p>Als engagierte Gemeinschaft von Cannabis-Enthusiasten in Niedersachsen setzen wir auf ein einzigartiges Konzept, das nicht nur unsere Mitglieder begeistert, sondern auch Ma\u00dfst\u00e4be f\u00fcr die Zukunft des Cannabis-Anbaus setzt.<\/p><p>\u00a0<\/p><p>Unser Ziel ist es, den Zugang zu biologisch angebautem, hochwertigem Cannabis zu erm\u00f6glichen \u2013 verantwortungsvoll, fair und erschwinglich.<\/p><p>\u00a0<\/p><p>Wir m\u00f6chten zeigen, dass es auch anders geht: \u00f6kologisch, transparent und mit der Mitbestimmung unserer Mitglieder.<\/p>\t\t\t\t\t\t\t\t<\/div>\n\t\t\t\t<\/div>\n\t\t\t\t<\/div>\n\t\t<div class=\"elementor-element elementor-element-1a661d7 e-con-full e-flex e-con e-child\" data-id=\"1a661d7\" data-element_type=\"container\" data-e-type=\"container\" data-settings=\"{&quot;background_background&quot;:&quot;classic&quot;}\">\n\t\t\t\t<\/div>\n\t\t\t\t\t<\/div>\n\t\t\t\t<\/div>\n\t\t<div class=\"elementor-element elementor-element-d15c395 e-flex e-con-boxed e-con e-parent\" data-id=\"d15c395\" data-element_type=\"container\" data-e-type=\"container\">\n\t\t\t\t\t<div class=\"e-con-inner\">\n\t\t<div class=\"elementor-element elementor-element-1c66c44 e-con-full e-flex e-con e-child\" data-id=\"1c66c44\" data-element_type=\"container\" data-e-type=\"container\">\n\t\t\t\t<div class=\"elementor-element elementor-element-36305f0 elementor-widget__width-inherit elementor-widget-tablet__width-inherit elementor-widget elementor-widget-heading\" data-id=\"36305f0\" data-element_type=\"widget\" data-e-type=\"widget\" data-widget_type=\"heading.default\">\n\t\t\t\t<div class=\"elementor-widget-container\">\n\t\t\t\t\t<h2 class=\"elementor-heading-title elementor-size-default\">Unser Konzept<\/h2>\t\t\t\t<\/div>\n\t\t\t\t<\/div>\n\t\t\t\t<div class=\"elementor-element elementor-element-71331b9 elementor-widget__width-inherit elementor-widget-tablet__width-inherit elementor-widget elementor-widget-text-editor\" data-id=\"71331b9\" data-element_type=\"widget\" data-e-type=\"widget\" data-widget_type=\"text-editor.default\">\n\t\t\t\t<div class=\"elementor-widget-container\">\n\t\t\t\t\t\t\t\t\t<p>Unser Konzept basiert auf einem ganzheitlichen Ansatz, der den Anbau, die Veredelung und den Zugang zu hochwertigem Cannabis vereint.<br \/>Jeder Schritt im Prozess \u2013 vom Samen bis zum fertigen Produkt \u2013 wird sorgf\u00e4ltig durchdacht und nachhaltig gestaltet.<\/p>\t\t\t\t\t\t\t\t<\/div>\n\t\t\t\t<\/div>\n\t\t\t\t<\/div>\n\t\t\t\t<div class=\"elementor-element elementor-element-172b07b elementor-widget__width-inherit elementor-widget elementor-widget-toggle\" data-id=\"172b07b\" data-element_type=\"widget\" data-e-type=\"widget\" data-widget_type=\"toggle.default\">\n\t\t\t\t<div class=\"elementor-widget-container\">\n\t\t\t\t\t\t\t<div class=\"elementor-toggle\">\n\t\t\t\t\t\t\t<div class=\"elementor-toggle-item\">\n\t\t\t\t\t<h3 id=\"elementor-tab-title-2421\" class=\"elementor-tab-title\" data-tab=\"1\" role=\"button\" aria-controls=\"elementor-tab-content-2421\" aria-expanded=\"false\">\n\t\t\t\t\t\t\t\t\t\t\t\t<span class=\"elementor-toggle-icon elementor-toggle-icon-right\" aria-hidden=\"true\">\n\t\t\t\t\t\t\t\t\t\t\t\t\t\t\t<span class=\"elementor-toggle-icon-closed\"><svg class=\"e-font-icon-svg e-fas-plus\" viewbox=\"0 0 448 512\" xmlns=\"http:\/\/www.w3.org\/2000\/svg\"><path d=\"M416 208H272V64c0-17.67-14.33-32-32-32h-32c-17.67 0-32 14.33-32 32v144H32c-17.67 0-32 14.33-32 32v32c0 17.67 14.33 32 32 32h144v144c0 17.67 14.33 32 32 32h32c17.67 0 32-14.33 32-32V304h144c17.67 0 32-14.33 32-32v-32c0-17.67-14.33-32-32-32z\"><\/path><\/svg><\/span>\n\t\t\t\t\t\t\t\t<span class=\"elementor-toggle-icon-opened\"><svg class=\"elementor-toggle-icon-opened e-font-icon-svg e-fas-minus\" viewbox=\"0 0 448 512\" xmlns=\"http:\/\/www.w3.org\/2000\/svg\"><path d=\"M416 208H32c-17.67 0-32 14.33-32 32v32c0 17.67 14.33 32 32 32h384c17.67 0 32-14.33 32-32v-32c0-17.67-14.33-32-32-32z\"><\/path><\/svg><\/span>\n\t\t\t\t\t\t\t\t\t\t\t\t\t<\/span>\n\t\t\t\t\t\t\t\t\t\t\t\t<a class=\"elementor-toggle-title\" tabindex=\"0\">1. Living Soil \u2013 Nachhaltiger Anbau mit lebendiger Erde<\/a>\n\t\t\t\t\t<\/h3>\n\n\t\t\t\t\t<div id=\"elementor-tab-content-2421\" class=\"elementor-tab-content elementor-clearfix\" data-tab=\"1\" role=\"region\" aria-labelledby=\"elementor-tab-title-2421\"><p>Der Kern unseres Konzepts ist die Nutzung von <strong>Living Soil<\/strong> \u2013 eine nat\u00fcrliche, lebendige Erde, die voller n\u00fctzlicher Mikroorganismen steckt. Diese Mikroorganismen schaffen die perfekte Umgebung f\u00fcr das Wachstum der Pflanzen. Das Ergebnis: gesunde, widerstandsf\u00e4hige Pflanzen mit einem nat\u00fcrlichen, intensiven Geschmack und einer klaren, reinen Wirkung.<\/p><p>Was macht unsere Erde so besonders?<\/p><ul><li><strong>Unser eigenes Erd-Rezept:<\/strong> Wir haben eine spezielle Mischung entwickelt, die eine ideale Grundlage f\u00fcr die Pflanzen bietet.<\/li><li><strong>Verzicht auf chemische Zus\u00e4tze:<\/strong> Statt auf k\u00fcnstliche D\u00fcngemittel und Pestizide setzen wir auf den Kreislauf der Natur.<\/li><li><strong>Umweltfreundlich &amp; nachhaltig:<\/strong> Unsere Methoden schonen die Umwelt und f\u00f6rdern die Biodiversit\u00e4t im Boden.<\/li><\/ul><p>Mit Living Soil erzeugen wir nicht nur ein Produkt \u2013 wir schaffen eine nachhaltige Grundlage f\u00fcr eine neue Art des Cannabis-Anbaus, die den Geschmack, die Qualit\u00e4t und die Reinheit auf ein neues Level hebt.<\/p><\/div>\n\t\t\t\t<\/div>\n\t\t\t\t\t\t\t<div class=\"elementor-toggle-item\">\n\t\t\t\t\t<h3 id=\"elementor-tab-title-2422\" class=\"elementor-tab-title\" data-tab=\"2\" role=\"button\" aria-controls=\"elementor-tab-content-2422\" aria-expanded=\"false\">\n\t\t\t\t\t\t\t\t\t\t\t\t<span class=\"elementor-toggle-icon elementor-toggle-icon-right\" aria-hidden=\"true\">\n\t\t\t\t\t\t\t\t\t\t\t\t\t\t\t<span class=\"elementor-toggle-icon-closed\"><svg class=\"e-font-icon-svg e-fas-plus\" viewbox=\"0 0 448 512\" xmlns=\"http:\/\/www.w3.org\/2000\/svg\"><path d=\"M416 208H272V64c0-17.67-14.33-32-32-32h-32c-17.67 0-32 14.33-32 32v144H32c-17.67 0-32 14.33-32 32v32c0 17.67 14.33 32 32 32h144v144c0 17.67 14.33 32 32 32h32c17.67 0 32-14.33 32-32V304h144c17.67 0 32-14.33 32-32v-32c0-17.67-14.33-32-32-32z\"><\/path><\/svg><\/span>\n\t\t\t\t\t\t\t\t<span class=\"elementor-toggle-icon-opened\"><svg class=\"elementor-toggle-icon-opened e-font-icon-svg e-fas-minus\" viewbox=\"0 0 448 512\" xmlns=\"http:\/\/www.w3.org\/2000\/svg\"><path d=\"M416 208H32c-17.67 0-32 14.33-32 32v32c0 17.67 14.33 32 32 32h384c17.67 0 32-14.33 32-32v-32c0-17.67-14.33-32-32-32z\"><\/path><\/svg><\/span>\n\t\t\t\t\t\t\t\t\t\t\t\t\t<\/span>\n\t\t\t\t\t\t\t\t\t\t\t\t<a class=\"elementor-toggle-title\" tabindex=\"0\">2. Exklusive Sorten & Eigenkreationen<\/a>\n\t\t\t\t\t<\/h3>\n\n\t\t\t\t\t<div id=\"elementor-tab-content-2422\" class=\"elementor-tab-content elementor-clearfix\" data-tab=\"2\" role=\"region\" aria-labelledby=\"elementor-tab-title-2422\"><p>Unser Sortiment ist so vielf\u00e4ltig wie die W\u00fcnsche unserer Mitglieder. Dank unseres umfangreichen <strong>Pheno Hunts<\/strong> bieten wir eine handverlesene Auswahl an klassischen Strains und exklusiven Eigenkreationen.<\/p><p>Unsere Strains im \u00dcberblick:<\/p><ul><li><strong>Cheese Skunk #1 Pheno<\/strong> \u2013 Klassisch, kr\u00e4ftig, ein echter Evergreen.<\/li><li><strong>Super Lemon Haze<\/strong> \u2013 Zitrusfrische Sativa-Power, die belebt.<\/li><li><strong>Super Silver Haze<\/strong> \u2013 Ein Hybrid mit unverkennbaren Eigenschaften.<\/li><li><strong>Lemon Skunk<\/strong> \u2013 Fruchtig-frisch mit einem intensiven Aroma.<\/li><li><strong>Breakfast of Champions<\/strong> \u2013 Der perfekte Start in den Tag.<\/li><li><strong>Ghost Train Tangie<\/strong> \u2013 Selten und unverwechselbar.<\/li><li><strong>Red Chile Truels<\/strong> \u2013 Ein vollmundiger Geschmackserlebnis.<\/li><li><strong>Original Gorilla Glue #4<\/strong> \u2013 Legend\u00e4r, stark und klebrig.<\/li><\/ul><p>Exklusive Eigenkreationen \u2013 nur bei uns erh\u00e4ltlich:<\/p><ul><li><strong>Daydream<\/strong> \u2013 Eine exklusive Kreuzung, die f\u00fcr entspannte, klare Momente sorgt.<\/li><li><strong>Neighbours Nightmare<\/strong> \u2013 Stark, intensiv und f\u00fcr echte Kenner gemacht.<\/li><\/ul><p>Unsere Strains sind das Ergebnis harter Arbeit, Geduld und Pr\u00e4zision. Durch die Selektion der besten <strong>Ph\u00e4notypen<\/strong> garantieren wir Stabilit\u00e4t, Konsistenz und einzigartige Aromen.<\/p><p>Unser Ziel ist es, Sorten zu entwickeln, die es so nur bei uns gibt \u2013 echte <strong>29er Unikate.<\/strong><\/p><p>Aber das Beste daran: <strong>Du kannst mitbestimmen!<\/strong><br \/>Als Mitglied kannst du Vorschl\u00e4ge f\u00fcr neue Strains einbringen. Wir besprechen diese in der Mitgliederversammlung und entscheiden gemeinsam, welche neuen Sorten ins Sortiment aufgenommen werden.<\/p><p>So wird unser Club auch zu deinem Club.<\/p><\/div>\n\t\t\t\t<\/div>\n\t\t\t\t\t\t\t<div class=\"elementor-toggle-item\">\n\t\t\t\t\t<h3 id=\"elementor-tab-title-2423\" class=\"elementor-tab-title\" data-tab=\"3\" role=\"button\" aria-controls=\"elementor-tab-content-2423\" aria-expanded=\"false\">\n\t\t\t\t\t\t\t\t\t\t\t\t<span class=\"elementor-toggle-icon elementor-toggle-icon-right\" aria-hidden=\"true\">\n\t\t\t\t\t\t\t\t\t\t\t\t\t\t\t<span class=\"elementor-toggle-icon-closed\"><svg class=\"e-font-icon-svg e-fas-plus\" viewbox=\"0 0 448 512\" xmlns=\"http:\/\/www.w3.org\/2000\/svg\"><path d=\"M416 208H272V64c0-17.67-14.33-32-32-32h-32c-17.67 0-32 14.33-32 32v144H32c-17.67 0-32 14.33-32 32v32c0 17.67 14.33 32 32 32h144v144c0 17.67 14.33 32 32 32h32c17.67 0 32-14.33 32-32V304h144c17.67 0 32-14.33 32-32v-32c0-17.67-14.33-32-32-32z\"><\/path><\/svg><\/span>\n\t\t\t\t\t\t\t\t<span class=\"elementor-toggle-icon-opened\"><svg class=\"elementor-toggle-icon-opened e-font-icon-svg e-fas-minus\" viewbox=\"0 0 448 512\" xmlns=\"http:\/\/www.w3.org\/2000\/svg\"><path d=\"M416 208H32c-17.67 0-32 14.33-32 32v32c0 17.67 14.33 32 32 32h384c17.67 0 32-14.33 32-32v-32c0-17.67-14.33-32-32-32z\"><\/path><\/svg><\/span>\n\t\t\t\t\t\t\t\t\t\t\t\t\t<\/span>\n\t\t\t\t\t\t\t\t\t\t\t\t<a class=\"elementor-toggle-title\" tabindex=\"0\">3. Mitbestimmung & Community<\/a>\n\t\t\t\t\t<\/h3>\n\n\t\t\t\t\t<div id=\"elementor-tab-content-2423\" class=\"elementor-tab-content elementor-clearfix\" data-tab=\"3\" role=\"region\" aria-labelledby=\"elementor-tab-title-2423\"><p>Unsere Mitglieder stehen im Mittelpunkt. Unser Ziel ist es, eine aktive, lebendige Community aufzubauen, in der alle mitgestalten k\u00f6nnen. Unsere Mitglieder sind <strong>keine Konsumenten, sondern Mitgestalter<\/strong>.<\/p><p><strong>Was macht unsere Community besonders?<\/strong><\/p><ul><li><strong>Mitspracherecht<\/strong>: Du kannst Vorschl\u00e4ge zu neuen Sorten, Veranstaltungen oder Projekten einbringen.<\/li><li><strong>Gemeinsame Entscheidungen<\/strong>: In der Mitgliederversammlung hat jedes Mitglied eine Stimme.<\/li><li><strong>Veranstaltungen &amp; Schulungen<\/strong>: Wir organisieren regelm\u00e4\u00dfig <strong>Stammtische, Workshops und Events<\/strong>, bei denen unsere Mitglieder lernen, netzwerken und sich weiterentwickeln k\u00f6nnen.<\/li><\/ul><\/div>\n\t\t\t\t<\/div>\n\t\t\t\t\t\t\t<div class=\"elementor-toggle-item\">\n\t\t\t\t\t<h3 id=\"elementor-tab-title-2424\" class=\"elementor-tab-title\" data-tab=\"4\" role=\"button\" aria-controls=\"elementor-tab-content-2424\" aria-expanded=\"false\">\n\t\t\t\t\t\t\t\t\t\t\t\t<span class=\"elementor-toggle-icon elementor-toggle-icon-right\" aria-hidden=\"true\">\n\t\t\t\t\t\t\t\t\t\t\t\t\t\t\t<span class=\"elementor-toggle-icon-closed\"><svg class=\"e-font-icon-svg e-fas-plus\" viewbox=\"0 0 448 512\" xmlns=\"http:\/\/www.w3.org\/2000\/svg\"><path d=\"M416 208H272V64c0-17.67-14.33-32-32-32h-32c-17.67 0-32 14.33-32 32v144H32c-17.67 0-32 14.33-32 32v32c0 17.67 14.33 32 32 32h144v144c0 17.67 14.33 32 32 32h32c17.67 0 32-14.33 32-32V304h144c17.67 0 32-14.33 32-32v-32c0-17.67-14.33-32-32-32z\"><\/path><\/svg><\/span>\n\t\t\t\t\t\t\t\t<span class=\"elementor-toggle-icon-opened\"><svg class=\"elementor-toggle-icon-opened e-font-icon-svg e-fas-minus\" viewbox=\"0 0 448 512\" xmlns=\"http:\/\/www.w3.org\/2000\/svg\"><path d=\"M416 208H32c-17.67 0-32 14.33-32 32v32c0 17.67 14.33 32 32 32h384c17.67 0 32-14.33 32-32v-32c0-17.67-14.33-32-32-32z\"><\/path><\/svg><\/span>\n\t\t\t\t\t\t\t\t\t\t\t\t\t<\/span>\n\t\t\t\t\t\t\t\t\t\t\t\t<a class=\"elementor-toggle-title\" tabindex=\"0\">4. Sicherheit & Datenschutz<\/a>\n\t\t\t\t\t<\/h3>\n\n\t\t\t\t\t<div id=\"elementor-tab-content-2424\" class=\"elementor-tab-content elementor-clearfix\" data-tab=\"4\" role=\"region\" aria-labelledby=\"elementor-tab-title-2424\"><p>Der Schutz der Daten unserer Mitglieder hat f\u00fcr uns h\u00f6chste Priorit\u00e4t. <strong>Anonymit\u00e4t und Vertraulichkeit<\/strong> stehen im Vordergrund. Alle Daten werden auf einem <strong>internen Server<\/strong> gespeichert und mit modernsten Sicherheitsstandards gesch\u00fctzt.<\/p><p>Wir arbeiten mit einem Anwalt zusammen, um sicherzustellen, dass die Privatsph\u00e4re unserer Mitglieder gewahrt bleibt. Im Falle beh\u00f6rdlicher Anfragen pr\u00fcfen wir jeden Fall genau und handeln nur im Rahmen der gesetzlichen Vorgaben.<\/p><\/div>\n\t\t\t\t<\/div>\n\t\t\t\t\t\t\t<div class=\"elementor-toggle-item\">\n\t\t\t\t\t<h3 id=\"elementor-tab-title-2425\" class=\"elementor-tab-title\" data-tab=\"5\" role=\"button\" aria-controls=\"elementor-tab-content-2425\" aria-expanded=\"false\">\n\t\t\t\t\t\t\t\t\t\t\t\t<span class=\"elementor-toggle-icon elementor-toggle-icon-right\" aria-hidden=\"true\">\n\t\t\t\t\t\t\t\t\t\t\t\t\t\t\t<span class=\"elementor-toggle-icon-closed\"><svg class=\"e-font-icon-svg e-fas-plus\" viewbox=\"0 0 448 512\" xmlns=\"http:\/\/www.w3.org\/2000\/svg\"><path d=\"M416 208H272V64c0-17.67-14.33-32-32-32h-32c-17.67 0-32 14.33-32 32v144H32c-17.67 0-32 14.33-32 32v32c0 17.67 14.33 32 32 32h144v144c0 17.67 14.33 32 32 32h32c17.67 0 32-14.33 32-32V304h144c17.67 0 32-14.33 32-32v-32c0-17.67-14.33-32-32-32z\"><\/path><\/svg><\/span>\n\t\t\t\t\t\t\t\t<span class=\"elementor-toggle-icon-opened\"><svg class=\"elementor-toggle-icon-opened e-font-icon-svg e-fas-minus\" viewbox=\"0 0 448 512\" xmlns=\"http:\/\/www.w3.org\/2000\/svg\"><path d=\"M416 208H32c-17.67 0-32 14.33-32 32v32c0 17.67 14.33 32 32 32h384c17.67 0 32-14.33 32-32v-32c0-17.67-14.33-32-32-32z\"><\/path><\/svg><\/span>\n\t\t\t\t\t\t\t\t\t\t\t\t\t<\/span>\n\t\t\t\t\t\t\t\t\t\t\t\t<a class=\"elementor-toggle-title\" tabindex=\"0\">5. Erschwinglichkeit & faire Preise*<\/a>\n\t\t\t\t\t<\/h3>\n\n\t\t\t\t\t<div id=\"elementor-tab-content-2425\" class=\"elementor-tab-content elementor-clearfix\" data-tab=\"5\" role=\"region\" aria-labelledby=\"elementor-tab-title-2425\"><p>Wir glauben daran, dass hochwertiges Cannabis f\u00fcr jeden zug\u00e4nglich sein sollte. Deshalb setzen wir auf <strong>faire Preise<\/strong> und ein <strong>transparentes Preismodell.<\/strong><\/p><p>Aktuell liegt der Einstiegspreis bei <strong>8 Euro pro Gramm,<\/strong> w\u00e4hrend Premium-Sorten zwischen <strong>10 und 15 Euro<\/strong> kosten.<\/p><p>Unser langfristiges Ziel: <strong>5 Euro pro Gramm<\/strong> f\u00fcr alle Mitglieder.<\/p><p>Das erreichen wir durch eine wachsende Mitgliederzahl und optimierte Produktionsprozesse. So entsteht ein Gemeinschaftsmodell, bei dem alle profitieren.<\/p><p>\u00a0<\/p><hr \/><p>\u00a0<\/p><p><strong>Unsere Vorteile im \u00dcberblick<\/strong><br \/>\u2714 Zugang zu exklusivem, biologischem Cannabis<br \/>\u2714 Mitbestimmung bei neuen\u00a0 Strains und Produkten<br \/>\u2714 Zugriff auf Stecklinge zu verg\u00fcnstigten Preisen<br \/>\u2714 Workshops, Schulungen und Events<br \/>\u2714 Sicherer Datenschutz und anonyme Mitgliedschaft<br \/>\u2714 Einzigartige Eigenkreationen und exklusive Strains<br \/>\u2714 Faire Preise mit der Vision von 5 Euro pro Gramm<\/p><\/div>\n\t\t\t\t<\/div>\n\t\t\t\t\t\t\t\t<\/div>\n\t\t\t\t\t\t<\/div>\n\t\t\t\t<\/div>\n\t\t\t\t\t<\/div>\n\t\t\t\t<\/div>\n\t\t<div class=\"elementor-element elementor-element-2f597a7 e-flex e-con-boxed e-con e-parent\" data-id=\"2f597a7\" data-element_type=\"container\" data-e-type=\"container\">\n\t\t\t\t\t<div class=\"e-con-inner\">\n\t\t<div class=\"elementor-element elementor-element-f2d71b1 e-con-full e-flex e-con e-child\" data-id=\"f2d71b1\" data-element_type=\"container\" data-e-type=\"container\">\n\t\t\t\t<div class=\"elementor-element elementor-element-3a7ae10 elementor-widget__width-inherit elementor-widget-tablet__width-inherit elementor-widget elementor-widget-heading\" data-id=\"3a7ae10\" data-element_type=\"widget\" data-e-type=\"widget\" data-widget_type=\"heading.default\">\n\t\t\t\t<div class=\"elementor-widget-container\">\n\t\t\t\t\t<h2 class=\"elementor-heading-title elementor-size-default\">Erlebe die Zukunft der Cannabiskultur<\/h2>\t\t\t\t<\/div>\n\t\t\t\t<\/div>\n\t\t\t\t<div class=\"elementor-element elementor-element-150c5f1 elementor-widget__width-inherit elementor-widget-tablet__width-inherit elementor-widget elementor-widget-text-editor\" data-id=\"150c5f1\" data-element_type=\"widget\" data-e-type=\"widget\" data-widget_type=\"text-editor.default\">\n\t\t\t\t<div class=\"elementor-widget-container\">\n\t\t\t\t\t\t\t\t\tDer 29er Cannabis Social Club Celle bietet dir Zugang zu exklusiven Sorten, faire Preise und die M\u00f6glichkeit, aktiv an unserer Gemeinschaft mitzuwirken. Werde Teil einer innovativen Bewegung und entdecke eine neue Art des gemeinsamen Genusses!\t\t\t\t\t\t\t\t<\/div>\n\t\t\t\t<\/div>\n\t\t\t\t<\/div>\n\t\t<div class=\"elementor-element elementor-element-cb7616e e-con-full e-flex e-con e-child\" data-id=\"cb7616e\" data-element_type=\"container\" data-e-type=\"container\">\n\t\t<div class=\"elementor-element elementor-element-b9b7276 e-con-full e-flex e-con e-child\" data-id=\"b9b7276\" data-element_type=\"container\" data-e-type=\"container\" data-settings=\"{&quot;background_background&quot;:&quot;classic&quot;}\">\n\t\t<div class=\"elementor-element elementor-element-ce1d053 e-con-full e-flex e-con e-child\" data-id=\"ce1d053\" data-element_type=\"container\" data-e-type=\"container\">\n\t\t\t\t<div class=\"elementor-element elementor-element-7dfaf41 elementor-widget elementor-widget-heading\" data-id=\"7dfaf41\" data-element_type=\"widget\" data-e-type=\"widget\" data-widget_type=\"heading.default\">\n\t\t\t\t<div class=\"elementor-widget-container\">\n\t\t\t\t\t<h3 class=\"elementor-heading-title elementor-size-default\">Wie wirst <br>du Mitglied?<\/h3>\t\t\t\t<\/div>\n\t\t\t\t<\/div>\n\t\t\t\t<div class=\"elementor-element elementor-element-4ae62f8 elementor-widget elementor-widget-text-editor\" data-id=\"4ae62f8\" data-element_type=\"widget\" data-e-type=\"widget\" data-widget_type=\"text-editor.default\">\n\t\t\t\t<div class=\"elementor-widget-container\">\n\t\t\t\t\t\t\t\t\t<p>Die Mitgliedschaft im <strong>29er Cannabis Social Club Celle<\/strong> ist einfach und unkompliziert. Klicke auf den Button <a href=\"https:\/\/neunundzwanziger.de\/en\/#mitgliedschaft\"><strong>&#8222;Mitglied werden&#8220;<\/strong><\/a> auf unserer Website. Dort kannst du dein Antragsformular ausf\u00fcllen und dich direkt registrieren.<\/p><p><strong>Kosten der Mitgliedschaft<\/strong>:<\/p><ul><li><strong>4,20 Euro monatlich<\/strong> \u2013 als Mitgliedsbeitrag<\/li><li><strong>50 Euro einmalige Aufnahmegeb\u00fchr<\/strong> \u2013 diese Geb\u00fchr wird als <strong>Guthaben f\u00fcr deinen ersten Einkauf<\/strong> angerechnet.<\/li><\/ul><p>Als Mitglied hast du Zugang zu all unseren Angeboten, Produkten und Veranstaltungen \u2013 und vor allem wirst du Teil einer einzigartigen Community, die zusammen mehr erreicht.<\/p>\t\t\t\t\t\t\t\t<\/div>\n\t\t\t\t<\/div>\n\t\t\t\t<\/div>\n\t\t\t\t<\/div>\n\t\t<div class=\"elementor-element elementor-element-c021124 e-con-full e-flex e-con e-child\" data-id=\"c021124\" data-element_type=\"container\" data-e-type=\"container\" data-settings=\"{&quot;background_background&quot;:&quot;classic&quot;}\">\n\t\t<div class=\"elementor-element elementor-element-c8d39cb e-con-full e-flex e-con e-child\" data-id=\"c8d39cb\" data-element_type=\"container\" data-e-type=\"container\">\n\t\t\t\t<div class=\"elementor-element elementor-element-4c68d11 elementor-widget elementor-widget-heading\" data-id=\"4c68d11\" data-element_type=\"widget\" data-e-type=\"widget\" data-widget_type=\"heading.default\">\n\t\t\t\t<div class=\"elementor-widget-container\">\n\t\t\t\t\t<h3 class=\"elementor-heading-title elementor-size-default\">Warum der 29er Cannabis Social Club Celle?<\/h3>\t\t\t\t<\/div>\n\t\t\t\t<\/div>\n\t\t\t\t<div class=\"elementor-element elementor-element-a83b411 elementor-widget__width-inherit elementor-widget-tablet__width-inherit elementor-widget elementor-widget-text-editor\" data-id=\"a83b411\" data-element_type=\"widget\" data-e-type=\"widget\" data-widget_type=\"text-editor.default\">\n\t\t\t\t<div class=\"elementor-widget-container\">\n\t\t\t\t\t\t\t\t\t<p>W\u00e4hrend andere Clubs oft unpers\u00f6nlich oder unorganisiert sind, setzen wir auf <strong>Gemeinschaft, Nachhaltigkeit und Mitbestimmung<\/strong>. Jeder hat die M\u00f6glichkeit, die Zukunft mitzugestalten.<\/p><p>Durch unsere <strong>Living Soil Methode<\/strong>, unsere <strong>exklusiven Eigenkreationen<\/strong> und unser <strong>faires Preismodell<\/strong> heben wir uns klar von der Masse ab.<\/p><p>Im <strong>Raum Celle und Hannover<\/strong> sind wir der einzige Club, der so umfassend auf Transparenz, Qualit\u00e4t und Gemeinschaft setzt. Wir sind stolz darauf, mit unseren Mitgliedern gemeinsam die Zukunft des Cannabismarkts zu formen.<\/p>\t\t\t\t\t\t\t\t<\/div>\n\t\t\t\t<\/div>\n\t\t\t\t<\/div>\n\t\t\t\t<\/div>\n\t\t\t\t<\/div>\n\t\t\t\t\t<\/div>\n\t\t\t\t<\/div>\n\t\t\t\t<\/div>","protected":false},"excerpt":{"rendered":"<p>Unser Verein \u2013 Der 29er Cannabis Social Club Celle Gemeinschaft, Nachhaltigkeit und h\u00f6chste Qualit\u00e4t \u2013 unser Konzept f\u00fcr eine neue Cannabiskultur \u00a0 Willkommen beim 29er Cannabis Social Club Celle \u2013 ein Ort, an dem Leidenschaft, Wissen und Innovation aufeinandertreffen. \u00a0 Unser Verein steht f\u00fcr eine moderne, verantwortungsvolle und nachhaltige Cannabiskultur, die den Menschen, die Natur [&hellip;]<\/p>\n","protected":false},"author":1,"featured_media":0,"parent":0,"menu_order":0,"comment_status":"closed","ping_status":"closed","template":"elementor_header_footer","meta":{"footnotes":""},"class_list":["post-923","page","type-page","status-publish","hentry"],"_links":{"self":[{"href":"https:\/\/neunundzwanziger.de\/en\/wp-json\/wp\/v2\/pages\/923","targetHints":{"allow":["GET"]}}],"collection":[{"href":"https:\/\/neunundzwanziger.de\/en\/wp-json\/wp\/v2\/pages"}],"about":[{"href":"https:\/\/neunundzwanziger.de\/en\/wp-json\/wp\/v2\/types\/page"}],"author":[{"embeddable":true,"href":"https:\/\/neunundzwanziger.de\/en\/wp-json\/wp\/v2\/users\/1"}],"replies":[{"embeddable":true,"href":"https:\/\/neunundzwanziger.de\/en\/wp-json\/wp\/v2\/comments?post=923"}],"version-history":[{"count":25,"href":"https:\/\/neunundzwanziger.de\/en\/wp-json\/wp\/v2\/pages\/923\/revisions"}],"predecessor-version":[{"id":2788,"href":"https:\/\/neunundzwanziger.de\/en\/wp-json\/wp\/v2\/pages\/923\/revisions\/2788"}],"wp:attachment":[{"href":"https:\/\/neunundzwanziger.de\/en\/wp-json\/wp\/v2\/media?parent=923"}],"curies":[{"name":"wp","href":"https:\/\/api.w.org\/{rel}","templated":true}]}}