{"id":253,"date":"2024-08-15T17:30:55","date_gmt":"2024-08-15T17:30:55","guid":{"rendered":"https:\/\/neunundzwanziger.de\/?page_id=253"},"modified":"2026-02-28T14:16:06","modified_gmt":"2026-02-28T14:16:06","slug":"impressum","status":"publish","type":"page","link":"https:\/\/neunundzwanziger.de\/en\/impressum\/","title":{"rendered":"Impressum"},"content":{"rendered":"\t\t<div data-elementor-type=\"wp-page\" data-elementor-id=\"253\" class=\"elementor elementor-253\" data-elementor-post-type=\"page\">\n\t\t\t\t<div class=\"elementor-element elementor-element-3da094f e-flex e-con-boxed e-con e-parent\" data-id=\"3da094f\" data-element_type=\"container\" data-e-type=\"container\">\n\t\t\t\t\t<div class=\"e-con-inner\">\n\t\t<div class=\"elementor-element elementor-element-68cce7b e-con-full e-flex e-con e-child\" data-id=\"68cce7b\" data-element_type=\"container\" data-e-type=\"container\">\n\t\t\t\t<div class=\"elementor-element elementor-element-4077dba elementor-nav-menu--dropdown-none elementor-widget-tablet__width-inherit elementor-widget elementor-widget-nav-menu\" data-id=\"4077dba\" data-element_type=\"widget\" data-e-type=\"widget\" data-settings=\"{&quot;layout&quot;:&quot;vertical&quot;,&quot;submenu_icon&quot;:{&quot;value&quot;:&quot;&lt;i aria-hidden=\\&quot;true\\&quot; class=\\&quot;\\&quot;&gt;&lt;\\\/i&gt;&quot;,&quot;library&quot;:&quot;&quot;},&quot;sticky&quot;:&quot;top&quot;,&quot;sticky_offset&quot;:200,&quot;sticky_parent&quot;:&quot;yes&quot;,&quot;sticky_on&quot;:[&quot;widescreen&quot;,&quot;desktop&quot;,&quot;laptop&quot;,&quot;tablet_extra&quot;],&quot;sticky_effects_offset&quot;:0,&quot;sticky_anchor_link_offset&quot;:0}\" data-widget_type=\"nav-menu.default\">\n\t\t\t\t<div class=\"elementor-widget-container\">\n\t\t\t\t\t\t\t\t<nav aria-label=\"Men\u00fc\" class=\"elementor-nav-menu--main elementor-nav-menu__container elementor-nav-menu--layout-vertical e--pointer-background e--animation-fade\">\n\t\t\t\t<ul id=\"menu-1-4077dba\" class=\"elementor-nav-menu sm-vertical\"><li class=\"menu-item menu-item-type-post_type menu-item-object-page menu-item-1655\"><a href=\"https:\/\/neunundzwanziger.de\/en\/impressum\/\" class=\"elementor-item\">Impressum<\/a><\/li>\n<li class=\"menu-item menu-item-type-post_type menu-item-object-page menu-item-privacy-policy menu-item-1656\"><a rel=\"privacy-policy\" href=\"https:\/\/neunundzwanziger.de\/en\/datenschutz\/\" class=\"elementor-item\">Datenschutz<\/a><\/li>\n<li class=\"menu-item menu-item-type-post_type menu-item-object-page menu-item-1661\"><a href=\"https:\/\/neunundzwanziger.de\/en\/satzung\/\" class=\"elementor-item\">Satzung<\/a><\/li>\n<li class=\"menu-item menu-item-type-post_type menu-item-object-page menu-item-1662\"><a href=\"https:\/\/neunundzwanziger.de\/en\/beitragsordnung\/\" class=\"elementor-item\">Beitragsordnung<\/a><\/li>\n<li class=\"menu-item menu-item-type-post_type menu-item-object-page menu-item-1660\"><a href=\"https:\/\/neunundzwanziger.de\/en\/cookies-und-richtlinien\/\" class=\"elementor-item\">Cookies und Richtlinien<\/a><\/li>\n<li class=\"menu-item menu-item-type-post_type menu-item-object-page menu-item-1659\"><a href=\"https:\/\/neunundzwanziger.de\/en\/jugend-und-gesundheitsschutzkonzept-des-vereinsneunzwanziger-csc-e-v\/\" class=\"elementor-item\">Jugend- und Gesundheitsschutzkonzept des VereinsNeun&#038;Zwanziger \u2013 Csc e.V.<\/a><\/li>\n<\/ul>\t\t\t<\/nav>\n\t\t\t\t\t\t<nav class=\"elementor-nav-menu--dropdown elementor-nav-menu__container\" aria-hidden=\"true\">\n\t\t\t\t<ul id=\"menu-2-4077dba\" class=\"elementor-nav-menu sm-vertical\"><li class=\"menu-item menu-item-type-post_type menu-item-object-page menu-item-1655\"><a href=\"https:\/\/neunundzwanziger.de\/en\/impressum\/\" class=\"elementor-item\" tabindex=\"-1\">Impressum<\/a><\/li>\n<li class=\"menu-item menu-item-type-post_type menu-item-object-page menu-item-privacy-policy menu-item-1656\"><a rel=\"privacy-policy\" href=\"https:\/\/neunundzwanziger.de\/en\/datenschutz\/\" class=\"elementor-item\" tabindex=\"-1\">Datenschutz<\/a><\/li>\n<li class=\"menu-item menu-item-type-post_type menu-item-object-page menu-item-1661\"><a href=\"https:\/\/neunundzwanziger.de\/en\/satzung\/\" class=\"elementor-item\" tabindex=\"-1\">Satzung<\/a><\/li>\n<li class=\"menu-item menu-item-type-post_type menu-item-object-page menu-item-1662\"><a href=\"https:\/\/neunundzwanziger.de\/en\/beitragsordnung\/\" class=\"elementor-item\" tabindex=\"-1\">Beitragsordnung<\/a><\/li>\n<li class=\"menu-item menu-item-type-post_type menu-item-object-page menu-item-1660\"><a href=\"https:\/\/neunundzwanziger.de\/en\/cookies-und-richtlinien\/\" class=\"elementor-item\" tabindex=\"-1\">Cookies und Richtlinien<\/a><\/li>\n<li class=\"menu-item menu-item-type-post_type menu-item-object-page menu-item-1659\"><a href=\"https:\/\/neunundzwanziger.de\/en\/jugend-und-gesundheitsschutzkonzept-des-vereinsneunzwanziger-csc-e-v\/\" class=\"elementor-item\" tabindex=\"-1\">Jugend- und Gesundheitsschutzkonzept des VereinsNeun&#038;Zwanziger \u2013 Csc e.V.<\/a><\/li>\n<\/ul>\t\t\t<\/nav>\n\t\t\t\t\t\t<\/div>\n\t\t\t\t<\/div>\n\t\t\t\t<\/div>\n\t\t<div class=\"elementor-element elementor-element-b2984dc e-con-full e-flex e-con e-child\" data-id=\"b2984dc\" data-element_type=\"container\" data-e-type=\"container\">\n\t\t\t\t<div class=\"elementor-element elementor-element-5799117 elementor-widget elementor-widget-heading\" data-id=\"5799117\" data-element_type=\"widget\" data-e-type=\"widget\" data-widget_type=\"heading.default\">\n\t\t\t\t<div class=\"elementor-widget-container\">\n\t\t\t\t\t<h1 class=\"elementor-heading-title elementor-size-default\">Impressum<\/h1>\t\t\t\t<\/div>\n\t\t\t\t<\/div>\n\t\t\t\t<div class=\"elementor-element elementor-element-e965518 elementor-widget elementor-widget-heading\" data-id=\"e965518\" data-element_type=\"widget\" data-e-type=\"widget\" data-widget_type=\"heading.default\">\n\t\t\t\t<div class=\"elementor-widget-container\">\n\t\t\t\t\t<h2 class=\"elementor-heading-title elementor-size-default\">NEUN&amp;ZWANZIGER - CSC e.V.<\/h2>\t\t\t\t<\/div>\n\t\t\t\t<\/div>\n\t\t\t\t<div class=\"elementor-element elementor-element-b848eb2 elementor-widget-tablet__width-inherit elementor-widget elementor-widget-text-editor\" data-id=\"b848eb2\" data-element_type=\"widget\" data-e-type=\"widget\" data-widget_type=\"text-editor.default\">\n\t\t\t\t<div class=\"elementor-widget-container\">\n\t\t\t\t\t\t\t\t\t<p><strong>Gesch\u00e4ftsadresse:<br \/><\/strong>M\u00fcnzstra\u00dfe 10<br \/>29223 Celle<\/p><p><strong>Telefon:<\/strong><br \/>0155 60 29 01 33<\/p><p><strong>eMail:<\/strong><br \/>vorstand@neunundzwanziger.de<\/p><p><strong>Vorstand Vorsitzender:<\/strong><br \/>Elke Wollatz<\/p><p style=\"text-align: left;\"><strong>Stellvertretender Vorsitzender:<\/strong><br \/>Vladislav Korotaev<\/p><p style=\"text-align: left;\"><strong>Schatzmeisterin:<\/strong><br \/>Jan Gulbinat<\/p><p><strong>Anbaurat:<\/strong><br \/>Vladislav Korotaev<br \/>lennidicaprio<br \/>Klaas Wollatz<\/p><p><strong>Registergericht:<\/strong><br \/>Amtsgericht L\u00fcneburg<\/p><p><strong>Registernummer:<\/strong><br \/>VR 202142<\/p>\t\t\t\t\t\t\t\t<\/div>\n\t\t\t\t<\/div>\n\t\t\t\t<\/div>\n\t\t\t\t\t<\/div>\n\t\t\t\t<\/div>\n\t\t\t\t<\/div>\n\t\t","protected":false},"excerpt":{"rendered":"<p>Impressum NEUN&amp;ZWANZIGER &#8211; CSC e.V. Gesch\u00e4ftsadresse:M\u00fcnzstra\u00dfe 1029223 Celle Telefon:0155 60 29 01 33 eMail:vorstand@neunundzwanziger.de Vorstand Vorsitzender:Elke Wollatz Stellvertretender Vorsitzender:Vladislav Korotaev Schatzmeisterin:Jan Gulbinat Anbaurat:Vladislav KorotaevlennidicaprioKlaas Wollatz Registergericht:Amtsgericht L\u00fcneburg Registernummer:VR 202142<\/p>","protected":false},"author":1,"featured_media":0,"parent":0,"menu_order":0,"comment_status":"closed","ping_status":"closed","template":"","meta":{"footnotes":""},"class_list":["post-253","page","type-page","status-publish","hentry"],"_links":{"self":[{"href":"https:\/\/neunundzwanziger.de\/en\/wp-json\/wp\/v2\/pages\/253","targetHints":{"allow":["GET"]}}],"collection":[{"href":"https:\/\/neunundzwanziger.de\/en\/wp-json\/wp\/v2\/pages"}],"about":[{"href":"https:\/\/neunundzwanziger.de\/en\/wp-json\/wp\/v2\/types\/page"}],"author":[{"embeddable":true,"href":"https:\/\/neunundzwanziger.de\/en\/wp-json\/wp\/v2\/users\/1"}],"replies":[{"embeddable":true,"href":"https:\/\/neunundzwanziger.de\/en\/wp-json\/wp\/v2\/comments?post=253"}],"version-history":[{"count":25,"href":"https:\/\/neunundzwanziger.de\/en\/wp-json\/wp\/v2\/pages\/253\/revisions"}],"predecessor-version":[{"id":2855,"href":"https:\/\/neunundzwanziger.de\/en\/wp-json\/wp\/v2\/pages\/253\/revisions\/2855"}],"wp:attachment":[{"href":"https:\/\/neunundzwanziger.de\/en\/wp-json\/wp\/v2\/media?parent=253"}],"curies":[{"name":"wp","href":"https:\/\/api.w.org\/{rel}","templated":true}]}}