{"id":1246,"date":"2024-12-13T14:12:43","date_gmt":"2024-12-13T14:12:43","guid":{"rendered":"https:\/\/neunundzwanziger.de\/?page_id=1246"},"modified":"2024-12-27T10:24:29","modified_gmt":"2024-12-27T10:24:29","slug":"beitragsordnung","status":"publish","type":"page","link":"https:\/\/neunundzwanziger.de\/en\/beitragsordnung\/","title":{"rendered":"Beitragsordnung"},"content":{"rendered":"\t\t<div data-elementor-type=\"wp-page\" data-elementor-id=\"1246\" class=\"elementor elementor-1246\" data-elementor-post-type=\"page\">\n\t\t\t\t<div class=\"elementor-element elementor-element-f09f761 e-flex e-con-boxed e-con e-parent\" data-id=\"f09f761\" data-element_type=\"container\" data-e-type=\"container\">\n\t\t\t\t\t<div class=\"e-con-inner\">\n\t\t<div class=\"elementor-element elementor-element-84ab14f e-con-full e-flex e-con e-child\" data-id=\"84ab14f\" data-element_type=\"container\" data-e-type=\"container\">\n\t\t\t\t<div class=\"elementor-element elementor-element-dfb3355 elementor-nav-menu--dropdown-none elementor-widget-tablet__width-inherit elementor-widget elementor-widget-nav-menu\" data-id=\"dfb3355\" data-element_type=\"widget\" data-e-type=\"widget\" data-settings=\"{&quot;layout&quot;:&quot;vertical&quot;,&quot;submenu_icon&quot;:{&quot;value&quot;:&quot;&lt;i aria-hidden=\\&quot;true\\&quot; class=\\&quot;\\&quot;&gt;&lt;\\\/i&gt;&quot;,&quot;library&quot;:&quot;&quot;},&quot;sticky&quot;:&quot;top&quot;,&quot;sticky_offset&quot;:200,&quot;sticky_parent&quot;:&quot;yes&quot;,&quot;sticky_on&quot;:[&quot;widescreen&quot;,&quot;desktop&quot;,&quot;laptop&quot;,&quot;tablet_extra&quot;],&quot;sticky_effects_offset&quot;:0,&quot;sticky_anchor_link_offset&quot;:0}\" data-widget_type=\"nav-menu.default\">\n\t\t\t\t<div class=\"elementor-widget-container\">\n\t\t\t\t\t\t\t\t<nav aria-label=\"Men\u00fc\" class=\"elementor-nav-menu--main elementor-nav-menu__container elementor-nav-menu--layout-vertical e--pointer-background e--animation-fade\">\n\t\t\t\t<ul id=\"menu-1-dfb3355\" class=\"elementor-nav-menu sm-vertical\"><li class=\"menu-item menu-item-type-post_type menu-item-object-page menu-item-1655\"><a href=\"https:\/\/neunundzwanziger.de\/en\/impressum\/\" class=\"elementor-item\">Impressum<\/a><\/li>\n<li class=\"menu-item menu-item-type-post_type menu-item-object-page menu-item-privacy-policy menu-item-1656\"><a rel=\"privacy-policy\" href=\"https:\/\/neunundzwanziger.de\/en\/datenschutz\/\" class=\"elementor-item\">Datenschutz<\/a><\/li>\n<li class=\"menu-item menu-item-type-post_type menu-item-object-page menu-item-1661\"><a href=\"https:\/\/neunundzwanziger.de\/en\/satzung\/\" class=\"elementor-item\">Satzung<\/a><\/li>\n<li class=\"menu-item menu-item-type-post_type menu-item-object-page menu-item-1662\"><a href=\"https:\/\/neunundzwanziger.de\/en\/beitragsordnung\/\" class=\"elementor-item\">Beitragsordnung<\/a><\/li>\n<li class=\"menu-item menu-item-type-post_type menu-item-object-page menu-item-1660\"><a href=\"https:\/\/neunundzwanziger.de\/en\/cookies-und-richtlinien\/\" class=\"elementor-item\">Cookies und Richtlinien<\/a><\/li>\n<li class=\"menu-item menu-item-type-post_type menu-item-object-page menu-item-1659\"><a href=\"https:\/\/neunundzwanziger.de\/en\/jugend-und-gesundheitsschutzkonzept-des-vereinsneunzwanziger-csc-e-v\/\" class=\"elementor-item\">Jugend- und Gesundheitsschutzkonzept des VereinsNeun&#038;Zwanziger \u2013 Csc e.V.<\/a><\/li>\n<\/ul>\t\t\t<\/nav>\n\t\t\t\t\t\t<nav class=\"elementor-nav-menu--dropdown elementor-nav-menu__container\" aria-hidden=\"true\">\n\t\t\t\t<ul id=\"menu-2-dfb3355\" class=\"elementor-nav-menu sm-vertical\"><li class=\"menu-item menu-item-type-post_type menu-item-object-page menu-item-1655\"><a href=\"https:\/\/neunundzwanziger.de\/en\/impressum\/\" class=\"elementor-item\" tabindex=\"-1\">Impressum<\/a><\/li>\n<li class=\"menu-item menu-item-type-post_type menu-item-object-page menu-item-privacy-policy menu-item-1656\"><a rel=\"privacy-policy\" href=\"https:\/\/neunundzwanziger.de\/en\/datenschutz\/\" class=\"elementor-item\" tabindex=\"-1\">Datenschutz<\/a><\/li>\n<li class=\"menu-item menu-item-type-post_type menu-item-object-page menu-item-1661\"><a href=\"https:\/\/neunundzwanziger.de\/en\/satzung\/\" class=\"elementor-item\" tabindex=\"-1\">Satzung<\/a><\/li>\n<li class=\"menu-item menu-item-type-post_type menu-item-object-page menu-item-1662\"><a href=\"https:\/\/neunundzwanziger.de\/en\/beitragsordnung\/\" class=\"elementor-item\" tabindex=\"-1\">Beitragsordnung<\/a><\/li>\n<li class=\"menu-item menu-item-type-post_type menu-item-object-page menu-item-1660\"><a href=\"https:\/\/neunundzwanziger.de\/en\/cookies-und-richtlinien\/\" class=\"elementor-item\" tabindex=\"-1\">Cookies und Richtlinien<\/a><\/li>\n<li class=\"menu-item menu-item-type-post_type menu-item-object-page menu-item-1659\"><a href=\"https:\/\/neunundzwanziger.de\/en\/jugend-und-gesundheitsschutzkonzept-des-vereinsneunzwanziger-csc-e-v\/\" class=\"elementor-item\" tabindex=\"-1\">Jugend- und Gesundheitsschutzkonzept des VereinsNeun&#038;Zwanziger \u2013 Csc e.V.<\/a><\/li>\n<\/ul>\t\t\t<\/nav>\n\t\t\t\t\t\t<\/div>\n\t\t\t\t<\/div>\n\t\t\t\t<\/div>\n\t\t<div class=\"elementor-element elementor-element-5c4da60 e-con-full e-flex e-con e-child\" data-id=\"5c4da60\" data-element_type=\"container\" data-e-type=\"container\">\n\t\t\t\t<div class=\"elementor-element elementor-element-49cf4d9 elementor-widget elementor-widget-heading\" data-id=\"49cf4d9\" data-element_type=\"widget\" data-e-type=\"widget\" data-widget_type=\"heading.default\">\n\t\t\t\t<div class=\"elementor-widget-container\">\n\t\t\t\t\t<h1 class=\"elementor-heading-title elementor-size-default\">Beitragsordnung des Vereins<\/h1>\t\t\t\t<\/div>\n\t\t\t\t<\/div>\n\t\t\t\t<div class=\"elementor-element elementor-element-ce38afb elementor-widget elementor-widget-heading\" data-id=\"ce38afb\" data-element_type=\"widget\" data-e-type=\"widget\" data-widget_type=\"heading.default\">\n\t\t\t\t<div class=\"elementor-widget-container\">\n\t\t\t\t\t<h2 class=\"elementor-heading-title elementor-size-default\">NEUN&amp;ZWANZIGER - CSC e.V.<\/h2>\t\t\t\t<\/div>\n\t\t\t\t<\/div>\n\t\t\t\t<div class=\"elementor-element elementor-element-0d8a5f1 elementor-widget elementor-widget-heading\" data-id=\"0d8a5f1\" data-element_type=\"widget\" data-e-type=\"widget\" data-widget_type=\"heading.default\">\n\t\t\t\t<div class=\"elementor-widget-container\">\n\t\t\t\t\t<h3 class=\"elementor-heading-title elementor-size-default\">Stand: 20.04.2024<\/h3>\t\t\t\t<\/div>\n\t\t\t\t<\/div>\n\t\t\t\t<div class=\"elementor-element elementor-element-80bd79f elementor-widget-tablet__width-inherit elementor-widget elementor-widget-text-editor\" data-id=\"80bd79f\" data-element_type=\"widget\" data-e-type=\"widget\" data-widget_type=\"text-editor.default\">\n\t\t\t\t<div class=\"elementor-widget-container\">\n\t\t\t\t\t\t\t\t\t<p><strong>\u00a7 1 Allgemeines<\/strong><\/p><p>\u00a0<\/p><p>Vereinsmitglieder zahlen bei Eintritt in den Verein einmalig eine Aufnahmegeb\u00fchr sowie einen Mitgliedsbeitrag nach den nachstehenden Bestimmungen. Die Mitgliedsbeitr\u00e4ge k\u00f6nnen nach Wahl des Mitgliedes monatlich oder j\u00e4hrlich entrichtet werden.<\/p><p>\u00a0<\/p><p><strong>\u00a7 2 Aufnahmegeb\u00fchr<\/strong><\/p><ol><li>Die Aufnahmegeb\u00fchr betr\u00e4gt 50 \u20ac und ist mit dem Antrag auf Mitgliedschaft auf das Konto des Vereins zu \u00fcberweisen. Die Mitgliedschaft wird erst mit Eingang der Zahlung auf dem Vereinskonto wirksam.<\/li><li>Gr\u00fcndungsmitglieder sind von der Aufnahmegeb\u00fchr befreit.<\/li><\/ol><p><strong>\u00a7 3 Mitgliedsbeitr\u00e4ge<\/strong><\/p><ol><li style=\"text-align: left;\">Der Beitrag f\u00fcr eine Mitgliedschaft betr\u00e4gt monatlich 4,20 \u20ac und ist sp\u00e4testens bis zum dritten Werktag eines Monats auf das Vereinskonto zu entrichten.<\/li><li style=\"text-align: left;\">Mitgliedsbeitr\u00e4ge k\u00f6nnen auch f\u00fcr ein ganzes Jahr im Voraus bezahlt werden. Bei j\u00e4hrlicher Zahlung ist der Mitgliedsbeitrag bis zum dritten Werktag der Abrechnungsperiode auf das Vereinskonto zu entrichten.<\/li><li style=\"text-align: left;\">Mitglieder k\u00f6nnen dem Verein zum Zwecke der Einziehung der Beitr\u00e4ge ein SEPA-Lastschriftmandat erteilen.<\/li><li style=\"text-align: left;\">Vorstands- und Anbauratsmitglieder sowie die pr\u00e4ventionsbeauftragte Person sind von der Zahlung der Mitgliedsbeitr\u00e4ge befreit.<\/li><\/ol><p><strong>\u00a7 4 Anteilige Zahlung<\/strong><\/p><ol><li>Bei Eintritt in den Verein w\u00e4hrend eines laufenden Monats beziehungsweise Jahres ist der Beitrag anteilig zu entrichten.<\/li><li>Bei Austritt aus dem Verein gilt dies nicht entsprechend.<\/li><li>Werden die Mitgliedsbeitr\u00e4ge w\u00e4hrend des laufenden Kalenderjahres erh\u00f6ht oder gesenkt, so findet eine anteilige Verrechnung mit dem bereits geleisteten Beitrag statt. Falls sich dabei zugunsten des Mitgliedes ein Guthaben ergibt, wird dieses ausbezahlt. Bei einem negativen Saldo hat das Mitglied auf Anforderung des Vereins auszugleichen.<\/li><\/ol><p><strong>\u00a7 5 Zahlungsverzug<\/strong><\/p><ol><li>Hat ein Mitglied seinen Jahresbeitrag nach den vorstehenden Regelungen nicht rechtzeitig entrichtet, wird es vom Vorstand abgemahnt und ihm eine Frist zur Zahlung gesetzt.<\/li><li>Erfolgt trotz Mahnung keine Zahlung des Mitgliedes innerhalb der gesetzten Frist, so kann der Vorstand das Mitglied nach eigenem Ermessen aus dem Verein ausschlie\u00dfen.<\/li><li>Wenn ein H\u00e4rtefall vorliegt (z. B. Verlust des Arbeitsplatzes, au\u00dferordentliche finanzielle Belastungen) und das Mitglied dies glaubhaft darlegt, soll der Vorstand dies in seiner Ermessensentscheidung ber\u00fccksichtigen.<\/li><\/ol><p><strong>\u00a7 6 \u00c4nderung der Beitragsordnung<\/strong><\/p><p>\u00a0<\/p><p>Diese Beitragsordnung kann durch Beschluss des Vorstandes ge\u00e4ndert werden.<\/p><p>Sie ist insbesondere anzupassen, wenn sich die wirtschaftlichen Verh\u00e4ltnisse des Vereins ver\u00e4ndern.<\/p><p>Antr\u00e4ge auf \u00c4nderung k\u00f6nnen von Mitgliedern beim Vorstand schriftlich eingereicht werden.<\/p>\t\t\t\t\t\t\t\t<\/div>\n\t\t\t\t<\/div>\n\t\t\t\t<\/div>\n\t\t\t\t\t<\/div>\n\t\t\t\t<\/div>\n\t\t\t\t<\/div>\n\t\t","protected":false},"excerpt":{"rendered":"<p>Beitragsordnung des Vereins NEUN&amp;ZWANZIGER &#8211; CSC e.V. Stand: 20.04.2024 \u00a7 1 Allgemeines \u00a0 Vereinsmitglieder zahlen bei Eintritt in den Verein einmalig eine Aufnahmegeb\u00fchr sowie einen Mitgliedsbeitrag nach den nachstehenden Bestimmungen. Die Mitgliedsbeitr\u00e4ge k\u00f6nnen nach Wahl des Mitgliedes monatlich oder j\u00e4hrlich entrichtet werden. \u00a0 \u00a7 2 Aufnahmegeb\u00fchr Die Aufnahmegeb\u00fchr betr\u00e4gt 50 \u20ac und ist mit dem [&hellip;]<\/p>\n","protected":false},"author":1,"featured_media":0,"parent":0,"menu_order":0,"comment_status":"closed","ping_status":"closed","template":"","meta":{"footnotes":""},"class_list":["post-1246","page","type-page","status-publish","hentry"],"_links":{"self":[{"href":"https:\/\/neunundzwanziger.de\/en\/wp-json\/wp\/v2\/pages\/1246","targetHints":{"allow":["GET"]}}],"collection":[{"href":"https:\/\/neunundzwanziger.de\/en\/wp-json\/wp\/v2\/pages"}],"about":[{"href":"https:\/\/neunundzwanziger.de\/en\/wp-json\/wp\/v2\/types\/page"}],"author":[{"embeddable":true,"href":"https:\/\/neunundzwanziger.de\/en\/wp-json\/wp\/v2\/users\/1"}],"replies":[{"embeddable":true,"href":"https:\/\/neunundzwanziger.de\/en\/wp-json\/wp\/v2\/comments?post=1246"}],"version-history":[{"count":52,"href":"https:\/\/neunundzwanziger.de\/en\/wp-json\/wp\/v2\/pages\/1246\/revisions"}],"predecessor-version":[{"id":2532,"href":"https:\/\/neunundzwanziger.de\/en\/wp-json\/wp\/v2\/pages\/1246\/revisions\/2532"}],"wp:attachment":[{"href":"https:\/\/neunundzwanziger.de\/en\/wp-json\/wp\/v2\/media?parent=1246"}],"curies":[{"name":"wp","href":"https:\/\/api.w.org\/{rel}","templated":true}]}}