{"id":1228,"date":"2024-12-13T13:24:17","date_gmt":"2024-12-13T13:24:17","guid":{"rendered":"https:\/\/neunundzwanziger.de\/?page_id=1228"},"modified":"2024-12-27T10:20:47","modified_gmt":"2024-12-27T10:20:47","slug":"jugend-und-gesundheitsschutzkonzept-des-vereinsneunzwanziger-csc-e-v","status":"publish","type":"page","link":"https:\/\/neunundzwanziger.de\/en\/jugend-und-gesundheitsschutzkonzept-des-vereinsneunzwanziger-csc-e-v\/","title":{"rendered":"Jugend- und Gesundheitsschutzkonzept des VereinsNeun&#038;Zwanziger \u2013 Csc e.V."},"content":{"rendered":"\t\t<div data-elementor-type=\"wp-page\" data-elementor-id=\"1228\" class=\"elementor elementor-1228\" data-elementor-post-type=\"page\">\n\t\t\t\t<div class=\"elementor-element elementor-element-3a4a4a2 e-flex e-con-boxed e-con e-parent\" data-id=\"3a4a4a2\" data-element_type=\"container\" data-e-type=\"container\">\n\t\t\t\t\t<div class=\"e-con-inner\">\n\t\t<div class=\"elementor-element elementor-element-f770c33 e-con-full e-flex e-con e-child\" data-id=\"f770c33\" data-element_type=\"container\" data-e-type=\"container\">\n\t\t\t\t<div class=\"elementor-element elementor-element-cdf8aa0 elementor-nav-menu--dropdown-none elementor-widget-tablet__width-inherit elementor-widget elementor-widget-nav-menu\" data-id=\"cdf8aa0\" data-element_type=\"widget\" data-e-type=\"widget\" data-settings=\"{&quot;layout&quot;:&quot;vertical&quot;,&quot;submenu_icon&quot;:{&quot;value&quot;:&quot;&lt;i aria-hidden=\\&quot;true\\&quot; class=\\&quot;\\&quot;&gt;&lt;\\\/i&gt;&quot;,&quot;library&quot;:&quot;&quot;},&quot;sticky&quot;:&quot;top&quot;,&quot;sticky_offset&quot;:200,&quot;sticky_parent&quot;:&quot;yes&quot;,&quot;sticky_on&quot;:[&quot;widescreen&quot;,&quot;desktop&quot;,&quot;laptop&quot;,&quot;tablet_extra&quot;],&quot;sticky_effects_offset&quot;:0,&quot;sticky_anchor_link_offset&quot;:0}\" data-widget_type=\"nav-menu.default\">\n\t\t\t\t<div class=\"elementor-widget-container\">\n\t\t\t\t\t\t\t\t<nav aria-label=\"Men\u00fc\" class=\"elementor-nav-menu--main elementor-nav-menu__container elementor-nav-menu--layout-vertical e--pointer-background e--animation-fade\">\n\t\t\t\t<ul id=\"menu-1-cdf8aa0\" class=\"elementor-nav-menu sm-vertical\"><li class=\"menu-item menu-item-type-post_type menu-item-object-page menu-item-1655\"><a href=\"https:\/\/neunundzwanziger.de\/en\/impressum\/\" class=\"elementor-item\">Impressum<\/a><\/li>\n<li class=\"menu-item menu-item-type-post_type menu-item-object-page menu-item-privacy-policy menu-item-1656\"><a rel=\"privacy-policy\" href=\"https:\/\/neunundzwanziger.de\/en\/datenschutz\/\" class=\"elementor-item\">Datenschutz<\/a><\/li>\n<li class=\"menu-item menu-item-type-post_type menu-item-object-page menu-item-1661\"><a href=\"https:\/\/neunundzwanziger.de\/en\/satzung\/\" class=\"elementor-item\">Satzung<\/a><\/li>\n<li class=\"menu-item menu-item-type-post_type menu-item-object-page menu-item-1662\"><a href=\"https:\/\/neunundzwanziger.de\/en\/beitragsordnung\/\" class=\"elementor-item\">Beitragsordnung<\/a><\/li>\n<li class=\"menu-item menu-item-type-post_type menu-item-object-page menu-item-1660\"><a href=\"https:\/\/neunundzwanziger.de\/en\/cookies-und-richtlinien\/\" class=\"elementor-item\">Cookies und Richtlinien<\/a><\/li>\n<li class=\"menu-item menu-item-type-post_type menu-item-object-page menu-item-1659\"><a href=\"https:\/\/neunundzwanziger.de\/en\/jugend-und-gesundheitsschutzkonzept-des-vereinsneunzwanziger-csc-e-v\/\" class=\"elementor-item\">Jugend- und Gesundheitsschutzkonzept des VereinsNeun&#038;Zwanziger \u2013 Csc e.V.<\/a><\/li>\n<\/ul>\t\t\t<\/nav>\n\t\t\t\t\t\t<nav class=\"elementor-nav-menu--dropdown elementor-nav-menu__container\" aria-hidden=\"true\">\n\t\t\t\t<ul id=\"menu-2-cdf8aa0\" class=\"elementor-nav-menu sm-vertical\"><li class=\"menu-item menu-item-type-post_type menu-item-object-page menu-item-1655\"><a href=\"https:\/\/neunundzwanziger.de\/en\/impressum\/\" class=\"elementor-item\" tabindex=\"-1\">Impressum<\/a><\/li>\n<li class=\"menu-item menu-item-type-post_type menu-item-object-page menu-item-privacy-policy menu-item-1656\"><a rel=\"privacy-policy\" href=\"https:\/\/neunundzwanziger.de\/en\/datenschutz\/\" class=\"elementor-item\" tabindex=\"-1\">Datenschutz<\/a><\/li>\n<li class=\"menu-item menu-item-type-post_type menu-item-object-page menu-item-1661\"><a href=\"https:\/\/neunundzwanziger.de\/en\/satzung\/\" class=\"elementor-item\" tabindex=\"-1\">Satzung<\/a><\/li>\n<li class=\"menu-item menu-item-type-post_type menu-item-object-page menu-item-1662\"><a href=\"https:\/\/neunundzwanziger.de\/en\/beitragsordnung\/\" class=\"elementor-item\" tabindex=\"-1\">Beitragsordnung<\/a><\/li>\n<li class=\"menu-item menu-item-type-post_type menu-item-object-page menu-item-1660\"><a href=\"https:\/\/neunundzwanziger.de\/en\/cookies-und-richtlinien\/\" class=\"elementor-item\" tabindex=\"-1\">Cookies und Richtlinien<\/a><\/li>\n<li class=\"menu-item menu-item-type-post_type menu-item-object-page menu-item-1659\"><a href=\"https:\/\/neunundzwanziger.de\/en\/jugend-und-gesundheitsschutzkonzept-des-vereinsneunzwanziger-csc-e-v\/\" class=\"elementor-item\" tabindex=\"-1\">Jugend- und Gesundheitsschutzkonzept des VereinsNeun&#038;Zwanziger \u2013 Csc e.V.<\/a><\/li>\n<\/ul>\t\t\t<\/nav>\n\t\t\t\t\t\t<\/div>\n\t\t\t\t<\/div>\n\t\t\t\t<\/div>\n\t\t<div class=\"elementor-element elementor-element-722bca9 e-con-full e-flex e-con e-child\" data-id=\"722bca9\" data-element_type=\"container\" data-e-type=\"container\">\n\t\t\t\t<div class=\"elementor-element elementor-element-aa28a42 elementor-widget elementor-widget-heading\" data-id=\"aa28a42\" data-element_type=\"widget\" data-e-type=\"widget\" data-widget_type=\"heading.default\">\n\t\t\t\t<div class=\"elementor-widget-container\">\n\t\t\t\t\t<h1 class=\"elementor-heading-title elementor-size-default\">Jugend- und Gesundheitsschutzkonzept des Vereins<\/h1>\t\t\t\t<\/div>\n\t\t\t\t<\/div>\n\t\t\t\t<div class=\"elementor-element elementor-element-2a42d7e elementor-widget elementor-widget-heading\" data-id=\"2a42d7e\" data-element_type=\"widget\" data-e-type=\"widget\" data-widget_type=\"heading.default\">\n\t\t\t\t<div class=\"elementor-widget-container\">\n\t\t\t\t\t<h2 class=\"elementor-heading-title elementor-size-default\">NEUN&amp;ZWANZIGER - CSC e.V.<\/h2>\t\t\t\t<\/div>\n\t\t\t\t<\/div>\n\t\t\t\t<div class=\"elementor-element elementor-element-5ee4f58 elementor-widget elementor-widget-heading\" data-id=\"5ee4f58\" data-element_type=\"widget\" data-e-type=\"widget\" data-widget_type=\"heading.default\">\n\t\t\t\t<div class=\"elementor-widget-container\">\n\t\t\t\t\t<h3 class=\"elementor-heading-title elementor-size-default\">Stand: 20.04.2024<\/h3>\t\t\t\t<\/div>\n\t\t\t\t<\/div>\n\t\t\t\t<div class=\"elementor-element elementor-element-6b056b0 elementor-widget-tablet__width-inherit elementor-widget elementor-widget-text-editor\" data-id=\"6b056b0\" data-element_type=\"widget\" data-e-type=\"widget\" data-widget_type=\"text-editor.default\">\n\t\t\t\t<div class=\"elementor-widget-container\">\n\t\t\t\t\t\t\t\t\t<p style=\"text-align: center;\"><strong>I. Einleitung<\/strong><\/p><p>\u00a0<\/p><p style=\"text-align: left;\">Ziel unseres Jugend- und Gesundheitsschutzkonzepts ist die Sicherstellung und F\u00f6rderung<br \/>der Gesundheit aller Mitgliederinnen und Mitglieder (nachfolgend: \u201eMitglieder\u201c) unseres Ver-<br \/>eins sowie die Gew\u00e4hrleistung eines effektiven Schutzes von Kindern und Jugendlichen vor<br \/>den Risiken des Cannabiskonsums.<\/p><p>\u00a0<\/p><p style=\"text-align: left;\">Uns liegt die Gesundheit aller Menschen und insbesondere unserer Mitglieder sehr am Her-<br \/>zen. Daher sind wir nach Kr\u00e4ften bem\u00fcht, die Gefahren durch den Konsum von Cannabis so<br \/>gering wie m\u00f6glich zu halten. Mit diesem Konzept verpflichten wir uns selbst zur Einhaltung<br \/>von Standards, die dieses Ziel erm\u00f6glichen sollen.<\/p><p>\u00a0<\/p><p style=\"text-align: left;\">Au\u00dferdem spielt der Schutz der Jugend f\u00fcr uns eine gro\u00dfe Rolle. Nach den wissenschaftli-<br \/>chen Erkenntnissen kann der Konsum von Cannabis in der Jugend die Entwicklung und Aus-<br \/>reifung des Gehirns beeintr\u00e4chtigen. Aus diesem Grund lehnen wir den Konsum von Canna-<br \/>bis durch Minderj\u00e4hrige ab und sensibilisieren unsere vollj\u00e4hrigen Mitglieder auf diese Prob-<br \/>lematik.<\/p><p>\u00a0<\/p><p style=\"text-align: left;\">Ma\u00dfgeblich f\u00fcr die Erstellung dieses Konzepts sind die Regelungen des KCanG zur Quali-<br \/>t\u00e4tssicherung und des Gesundheitsschutzes (\u00a7 18, 21 KCanG) sowie zum Kinder- und Ju-<br \/>gendschutz und zur Suchtpr\u00e4vention (\u00a7 23 KCanG).<\/p><p>\u00a0<\/p><p style=\"text-align: center;\"><b>II. Jugendschutz<\/b><\/p><p>\u00a0<\/p><p><strong>1. Mindestalter<\/strong><\/p><p>\u00a0<\/p><p style=\"text-align: left;\">Das Mindestalter f\u00fcr den Beitritt in unseren Verein betr\u00e4gt 21 Jahre. Damit haben wir uns<br \/>bewusst f\u00fcr eine h\u00f6here Altersgrenze entschieden, als im KCanG vorgeschrieben. Grund<br \/>hierf\u00fcr ist die Entwicklung des Gehirns, die mit 18 Jahren in den meisten F\u00e4llen noch nicht<br \/>endg\u00fcltig abgeschlossen ist. Unser Verein steht f\u00fcr einen bewussten und sicheren Umgang<br \/>mit Cannabis. Wir haben f\u00fcr uns entschieden, dass die Ausgabe von Cannabis an unter 21-<br \/>J\u00e4hrige nicht mit diesem Grundsatz vereinbar ist.<\/p><p>\u00a0<\/p><p style=\"text-align: left;\"><strong>2. Zugangskontrollen<\/strong><\/p><p>\u00a0<\/p><p style=\"text-align: left;\">Der Zutritt zu den R\u00e4umlichkeiten unseres Vereins ist nur Mitgliedern gestattet. Beim Eintritt<br \/>in die befriedeten Besitzt\u00fcmer unseres Vereins ist in jedem Fall ein Mitgliedsnachweis in<br \/>Verbindung mit einem g\u00fcltigen Lichtbildausweis (Personalausweis oder Reisepass) vorzu-<br \/>zeigen.<\/p><p>\u00a0<\/p><p style=\"text-align: left;\">Kann eine Person keinen Lichtbildausweis oder keinen Mitgliedsnachweis vorzeigen, so wird<br \/>ihr der Zutritt zu den befriedeten Besitzt\u00fcmern verwehrt.<\/p><p>\u00a0<\/p><p style=\"text-align: left;\">Die mit dem Anbau und der Abgabe von Cannabis beauftragten Personen stellen die Einhal-<br \/>tung dieser Zugangskontrollen sicher.<\/p><p>\u00a0<\/p><p style=\"text-align: left;\"><strong>3. Pr\u00e4ventionsbeauftragter<\/strong><\/p><p>\u00a0<\/p><p style=\"text-align: left;\">Unser Verein verf\u00fcgt \u00fcber einen Pr\u00e4ventionsbeauftragten, der die Einhaltung der Regeln des<br \/>Jugend- und Gesundheitsschutzes \u00fcberwacht und als Ansprechpartner f\u00fcr Mitglieder des<br \/>Vereins in allen diesbez\u00fcglichen Fragen fungiert.<\/p><p>\u00a0<\/p><p style=\"text-align: left;\">Unser Pr\u00e4ventionsbeauftragter hat seine Sachkunde durch Teilnahme an der Schulung der<br \/>\u201eBfbA &#8211; Pr\u00e4ventionsbeauftragter gem\u00e4\u00df den Anforderungen des CanG\u201c nachgewiesen. Er<br \/>wird seine Sachkunde durch die regelm\u00e4\u00dfige Teilnahme an Schulungen, mindestens alle<br \/>drei Jahre auffrischen und vertiefen und sich dar\u00fcber hinaus \u00fcber aktuelle Entwicklungen in<br \/>der Suchtpr\u00e4vention, dem Jugendschutz und dem verantwortungsvollen Umgang mit Can-<br \/>nabis informieren.<br \/>Der Pr\u00e4ventionsbeauftragte dient dar\u00fcber hinaus der Information und Anleitung des Vorstan-<br \/>des. Der Pr\u00e4ventionsbeauftragte ber\u00e4t den Vorstand \u00fcber Ma\u00dfnahmen, wie der Jugend- und<br \/>Gesundheitsschutz im Verein noch effektiver gestaltet werden kann.<\/p><p>\u00a0<\/p><p style=\"text-align: left;\">Der Pr\u00e4ventionsbeauftragte unseres Vereins ist f\u00fcr unsere Mitglieder st\u00e4ndig erreichbar.<br \/>Seine Kontaktdaten lauten:<\/p><p>\u00a0<\/p><p style=\"text-align: left;\">Klaas Hendrik Wollatz<br \/>Beratung@Neunundzwanziger.de<br \/>0157 536 725 47<\/p><p>\u00a0<\/p><p style=\"text-align: left;\"><strong>4. Erziehung und Aufkl\u00e4rung<\/strong><\/p><p>\u00a0<\/p><p style=\"text-align: left;\">Unser Verein bietet vereinsangeh\u00f6rigen Eltern und Angeh\u00f6rigen Informationen und Hilfestel-<br \/>lungen zum Umgang mit Cannabiskonsum innerhalb der Familie oder dem Umfeld und der<br \/>Vermeidung von Risiken an.<\/p><p>\u00a0<\/p><p style=\"text-align: left;\">Dabei arbeitet unser Verein mit folgender Beratungsstelle zusammen:<\/p><p>\u00a0<\/p><p style=\"text-align: left;\">Psychosoziale Beratungsstelle<\/p><p>\u00a0<\/p><p style=\"text-align: left;\">Sozialpsychiatrischer Dienst<br \/>Fachstelle f\u00fcr Sucht und Suchtpr\u00e4vention<br \/>Fritzenwiese 729221 Celle<\/p><p>\u00a0<\/p><p style=\"text-align: left;\">Tel.: 0 51 41 \/ 9 09 03-50<br \/>Fax: 0 51 41 \/ 9 09 03-55<br \/>E-Mail: psb.celle@evlka.de<\/p><p>\u00a0<\/p><p style=\"text-align: left;\">Damit m\u00f6chte unser Verein seinen Beitrag zu einer Aufkl\u00e4rung innerhalb der Gesellschaft<br \/>und damit zu einer fr\u00fchen und effektiven Pr\u00e4vention bei Jugendlichen beitragen, ohne jedoch<br \/>nach au\u00dfen hin aktiv in Erscheinung zu treten.<\/p><p>\u00a0<\/p><p style=\"text-align: left;\">Au\u00dferdem bieten wir eine st\u00e4ndige Verf\u00fcgbarkeit unseres Pr\u00e4ventionsbeauftragten an, bei<br \/>der sich Mitglieder auch anonym per Telefon oder E-Mail melden k\u00f6nnen, um sich \u00fcber problematische Konsummuster oder Suchtthematiken beraten zu lassen. So m\u00f6chten wir unse-<br \/>ren Mitgliedern die Chance bieten, sich anonym und ohne die Gefahr einer Stigmatisierung<br \/>oder Verurteilung helfen zu lassen. Damit m\u00f6chten wir die Hemmschwelle bei unseren Mit-<br \/>gliedern senken, um im Ergebnis eine effektive Pr\u00e4ventionsarbeit leisten zu k\u00f6nnen.<\/p><p>\u00a0<\/p><p style=\"text-align: left;\"><strong>5. Zuwiderhandlungen<\/strong><\/p><p>\u00a0<\/p><p style=\"text-align: left;\">Sollten dem Verein Zuwiderhandlungen von Mitgliedern gegen diese Jugendschutzvorschrif-<br \/>ten bekannt werden, wird der Vorstand die notwendigen Ma\u00dfnahmen ergreifen, um zuk\u00fcnfti-<br \/>ge Zuwiderhandlungen auszuschlie\u00dfen. Falls erforderlich, wird das betroffene Mitglied aus<br \/>dem Verein ausgeschlossen.<\/p><p>\u00a0<\/p><p style=\"text-align: center;\"><strong>III. Gesundheitsschutz<\/strong><\/p><p>\u00a0<\/p><p><strong>1. Aufkl\u00e4rung<\/strong><\/p><p>\u00a0<\/p><p style=\"text-align: left;\">Um die gesundheitlichen Risiken des Konsums von Cannabis so gering wie m\u00f6glich zu hal-<br \/>ten, bietet unser Verein seinen Mitgliedern Aufkl\u00e4rung und Beratung \u00fcber den Pr\u00e4ventions-<br \/>beauftragten an.<\/p><p>\u00a0<\/p><p style=\"text-align: left;\">Uns ist bewusst, dass einige Mitglieder dieses Angebot aufgrund der Angst vor einer Stigmatisierung nicht wahrnehmen wollen und eine direkte Ansprache auf problematische Konsummuster f\u00fcr viele Menschen sehr unangenehm sein kann. Au\u00dferdem ist der Konsum in<br \/>und um unseren Verein verboten, weshalb wir selbst keine Einblicke in die Konsummuster<br \/>und -mengen unserer Mitglieder gewinnen k\u00f6nnen. Um diese L\u00fccke zu f\u00fcllen, bieten wir da-<br \/>her auch Informationsmaterial und Brosch\u00fcren der folgenden Beratungsstelle an:<\/p><p>\u00a0<\/p><p style=\"text-align: left;\">Psychosoziale Beratungsstelle<\/p><p>\u00a0<\/p><p style=\"text-align: left;\">Sozialpsychiatrischer Dienst<br \/>Fachstelle f\u00fcr Sucht und Suchtpr\u00e4vention<br \/>Fritzenwiese 729221 Celle<\/p><p>\u00a0<\/p><p style=\"text-align: left;\">Tel.: 0 51 41 \/ 9 09 03-50<br \/>Fax: 0 51 41 \/ 9 09 03-55<br \/>E-Mail: psb.celle@evlka.de<\/p><p>\u00a0<\/p><p style=\"text-align: left;\">Diese Beratungsstelle ist spezialisiert auf<\/p><p>\u00a0<\/p><p style=\"text-align: left;\">&#8211; Aufkl\u00e4rung Substanzmissbrauch und Suchtverhalten<br \/>&#8211; Suchtberatung<br \/>&#8211; Therapie\/Rehabilitation<br \/>&#8211; HaLT \u2013 Hart am Limit \u2013 Suchtpr\u00e4vention f\u00fcr Jugendliche<\/p><p>\u00a0<\/p><p style=\"text-align: left;\">Unser Ansprechpartner ist Frau Kelly Kaufmann.<\/p><p>\u00a0<\/p><p style=\"text-align: left;\">Mithilfe dieser Ma\u00dfnahmen m\u00f6chten wir unsere Mitglieder dezent, aber bestimmt, auf die<br \/>Gefahren und Risiken des Konsums hinweisen und ihnen Werkzeuge an die Hand geben,<br \/>diese f\u00fcr sich selbst und f\u00fcr Dritte zu minimieren.<\/p><p>\u00a0<\/p><p style=\"text-align: left;\"><strong>2. Intervention<\/strong><\/p><p>\u00a0<\/p><p style=\"text-align: left;\">Werden dem Verein oder dem Pr\u00e4ventionsbeauftragten Tatsachen bekannt, die darauf hin-<br \/>weisen, dass ein Mitglied problematische Konsummuster aufweist und mit der Bew\u00e4ltigung<br \/>selbst \u00fcberfordert ist, so wird der Pr\u00e4ventionsbeauftragte eine Intervention durchf\u00fchren.<\/p><p>\u00a0<\/p><p style=\"text-align: left;\">Uns ist dabei bewusst, dass alle unsere Mitglieder erwachsene Menschen sind und wir sie<br \/>nach den gesetzlichen Vorschriften nicht ohne weiteres von der Abgabe von Cannabis aus-<br \/>schlie\u00dfen k\u00f6nnen. Daher sind wir gezwungen, auf die Freiwilligkeit und Einsicht des jeweili-<br \/>gen Mitglieds zu vertrauen.<\/p><p>\u00a0<\/p><p style=\"text-align: left;\">Im Rahmen der Intervention werden dem Mitglied Wege aufgezeigt, um problematische<br \/>Konsummuster zu durchbrechen und weniger gesundheitssch\u00e4dliche Konsummuster aufzu-<br \/>bauen. Unser Pr\u00e4ventionsbeauftragter wird solche Mitglieder ebenfalls dazu anhalten, Kon-<br \/>sumpausen einzulegen und wird sie an weitergehende Beratungs- und Hilfsangebote, unter<br \/>anderem der oben genannten Beratungsstelle verweisen.<\/p><p>\u00a0<\/p><p style=\"text-align: center;\"><strong>IV. Pr\u00e4ventionsbeauftragter<\/strong><\/p><p>\u00a0<\/p><p style=\"text-align: left;\">Unser Verein verf\u00fcgt \u00fcber einen Pr\u00e4ventionsbeauftragten nach den Vorgaben des KCanG.<br \/>Die Aufgaben, Rechte und Pflichten des Pr\u00e4ventionsbeauftragten ergeben sich aus dem<br \/>KCanG.<\/p><p>\u00a0<\/p><p style=\"text-align: left;\">Die Kontaktdaten des Pr\u00e4ventionsbeauftragten werden allen Mitgliedern durch Aushang in der Abgabestelle bekannt gemacht. Die Mitglieder werden ausdr\u00fccklich darauf hingewiesen,<br \/>dass sie sich jederzeit in allen Fragen rund um die Themen Gesundheit, Jugendschutz, ver-<br \/>antwortungsvoller Konsum und Sucht an ihn wenden k\u00f6nnen.<\/p><p>\u00a0<\/p><p style=\"text-align: center;\"><strong>V. Praktische Umsetzung<\/strong><\/p><p>\u00a0<\/p><p style=\"text-align: left;\">Uns ist bewusst, dass trotz der teilweisen Entkriminalisierung ein gewisses Stigma auf den<br \/>Konsumenten von Cannabis lastet. Uns ist es daher wichtig, unsere Hilfs- und Beratungsan-<br \/>gebote so niederschwellig wie m\u00f6glich zu gestalten.<\/p><p>\u00a0<\/p><p style=\"text-align: left;\">Jeder Mitarbeiter in unserem Verein und jedes Mitglied, das mit Vereinsaufgaben betraut ist,<br \/>erh\u00e4lt zu Beginn seiner T\u00e4tigkeit eine Schulung durch den Pr\u00e4ventionsbeauftragten. In dieser Schulung wird das Jugend- und Gesundheitsschutzkonzept erl\u00e4utert und die Ma\u00dfnahmen<br \/>des Vereins zur Verh\u00fctung von Risiken und Gefahren vermittelt. Somit soll gew\u00e4hrleistet<br \/>werden, dass ein effektiver und fl\u00e4chendeckender Schutz unserer Mitglieder m\u00f6glich wird.<\/p><p>\u00a0<\/p><p style=\"text-align: left;\">Das Jugend- und Gesundheitsschutzkonzept erh\u00e4lt jeder Mitarbeiter und jedes im Verein besch\u00e4ftigte Mitglied in Papierform.<\/p><p>\u00a0<\/p><p style=\"text-align: left;\">Jedes Vereinsmitglied erh\u00e4lt mit diesem Konzept die Kontaktdaten des Pr\u00e4ventionsbeauf-<br \/>tragten, die st\u00e4ndig aktualisiert werden. So ist eine direkte Kontaktm\u00f6glichkeit stets gew\u00e4hr-<br \/>leistet. Dennoch bieten wir unseren Mitgliedern die M\u00f6glichkeit, anonyme Anfragen an den Pr\u00e4ventionsbeauftragten \u00fcber einen Briefkasten einzureichen, der sich im Eingangsbereich unserer Abgabestelle befindet und der mindestens einmal pro Woche geleert wird. So m\u00f6ch-<br \/>ten wir denjenigen Mitgliedern unsere Unterst\u00fctzung anbieten, die sich nicht direkt an den<br \/>Pr\u00e4ventionsbeauftragten wenden m\u00f6chten oder denen das Thema unangenehm ist. \u00dcber die<br \/>Schulung der Mitarbeiter und im Verein besch\u00e4ftigten Mitglieder hinaus, wird der Pr\u00e4venti-<br \/>onsbeauftragte Zweimal im Jahr eine Versammlung f\u00fcr alle Mitglieder leiten, in der \u00fcber die<br \/>cannabisspezifischen Gefahren aufgekl\u00e4rt wird und ggf. \u00c4nderungen an diesem Gesund-<br \/>heits- und Jugendschutzkonzept erkl\u00e4rt werden.<\/p><p>\u00a0<\/p><p style=\"text-align: left;\">So k\u00f6nnen wir auf Ver\u00e4nderungen innerhalb des Vereins oder der Gesellschaft reagieren<br \/>und sicherstellen, dass unsere Mitglieder das n\u00f6tige Wissen zur Vermeidung von Gefahren<br \/>aufgrund von problematischem Konsum haben und auch der Schutz Dritter, wie etwa von<br \/>Angeh\u00f6rigen oder Kindern unserer Mitglieder, gew\u00e4hrleistet wird.<\/p><p>\u00a0<\/p><p style=\"text-align: center;\"><strong>VI. Verantwortlichkeit und Kontrolle<\/strong><\/p><p>\u00a0<\/p><p style=\"text-align: left;\">Der Pr\u00e4ventionsbeauftragte ist daf\u00fcr verantwortlich, dass dieses Konzept stets konsequent<br \/>umgesetzt wird. Sofern notwendig, hat er andere Vereinsmitglieder dazu anzuhalten, ihren<br \/>Mitwirkungspflichten nachzukommen.<\/p><p>\u00a0<\/p><p style=\"text-align: left;\">Bei Zuwiderhandlungen gegen dieses Konzept wird der Vorstand die gebotenen Ma\u00dfnah-<br \/>men ergreifen. Insbesondere hat der Vorstand den Pr\u00e4ventionsbeauftragten auszutauschen,<br \/>sollten Anhaltspunkte erkennbar sein, dass dieser nicht die n\u00f6tige Gewissenhaftigkeit an den<br \/>Tag legt oder nicht in der Lage ist, sein Amt ordnungsgem\u00e4\u00df auszuf\u00fchren und dieses Kon-<br \/>zept konsequent umzusetzen.<\/p><p>\u00a0<\/p><p style=\"text-align: center;\"><strong>VII. Evaluation, Weiterentwicklung und Transparenz<\/strong><\/p><p>\u00a0<\/p><p style=\"text-align: left;\">Dieses Konzept wird zun\u00e4chst nach 3 Monaten ab Erhalt der Anbaulizenz und ab der ersten<br \/>Abgabe von Cannabis das erste Mal evaluiert.<br \/>Hintergrund ist folgender: Die Existenz von Anbauvereinigungen in Deutschland ist v\u00f6llig<br \/>neu, Erfahrungswerte hierzu existieren keine. Da der Konsum von Cannabis aufgrund der<br \/>Kriminalisierung bislang weitestgehend im Verborgenen ohne effektive Aufkl\u00e4rung und Pr\u00e4vention stattgefunden hat, befinden wir uns am Beginn einer Zeitenwende, deren genaue<br \/>Konsequenzen aktuell noch nicht pr\u00e4zise eingesch\u00e4tzt werden k\u00f6nnen. Bei der Erstellung<br \/>dieses Konzepts haben wir nach bestem Wissen und Gewissen gehandelt und uns der Ver-<br \/>antwortung gegen\u00fcber unseren Mitgliedern, aber auch Dritten gestellt. Dennoch sind wir der<br \/>Meinung, dass ein aktiver und effektiver Schutz eine st\u00e4ndige Evaluation und Anpassung<br \/>erfordert. Daher wird die erste Pr\u00fcfung zeitnah erfolgen.<\/p><p>\u00a0<\/p><p style=\"text-align: left;\">Im weiteren Verlauf wird dieses Konzept einmal j\u00e4hrlich vom Pr\u00e4ventionsbeauftragten ge-<br \/>meinsam mit dem Vorstand evaluiert. Bei dieser Evaluation werden folgende Informationen<br \/>gesichtet und besprochen:<\/p><p style=\"text-align: left;\">&#8211; Entwicklung der Abgabemengen von Cannabis pro Person<br \/>&#8211; beim Pr\u00e4ventionsbeauftragten eingegangene Nachrichten, Anfragen und Hilfeersuche von Mitgliedern<\/p><p style=\"text-align: left;\">&#8211; Ma\u00dfnahmen, die durch den Pr\u00e4ventionsbeauftragten durchgef\u00fchrt wurden und Einsch\u00e4tzung von deren Erfolg<\/p><p style=\"text-align: left;\">&#8211; Anzahl und Ablauf von Interventionen<br \/>&#8211; Verst\u00f6\u00dfe gegen dieses Konzept<\/p><p>\u00a0<\/p><p style=\"text-align: left;\">Anhand dieser Daten wird der Pr\u00e4ventionsbeauftragte gemeinsam mit dem Vorstand m\u00f6gliche Schwachstellen oder L\u00fccken dieses Konzepts identifizieren und beheben. Unser Ziel ist es, dieses Konzept st\u00e4ndig weiterzuentwickeln und dadurch eine gr\u00f6\u00dftm\u00f6gliche Sicherheit<br \/>beim Konsum von Cannabis zu gew\u00e4hrleisten.<\/p><p>\u00a0<\/p><p style=\"text-align: left;\">\u00dcber die Ergebnisse der Evaluationen und gegebenenfalls durchgef\u00fchrte \u00c4nderungen wer-<br \/>den die Mitglieder in der n\u00e4chsten Mitgliederversammlung informiert. Sofern das Konzept<br \/>ge\u00e4ndert wurde, wird der Pr\u00e4ventionsbeauftragte die Mitglieder hier\u00fcber gesondert informieren.<\/p><p>\u00a0<\/p><p style=\"text-align: center;\"><strong>VIII. Schlusswort<\/strong><\/p><p>\u00a0<\/p><p style=\"text-align: left;\">Dieses Konzept stellt eine Selbstverpflichtung unseres Vereins dar, um einen gr\u00f6\u00dftm\u00f6glichen Gesundheits- und Jugendschutz zu gew\u00e4hrleisten. Alle Mitglieder des Vereins sind zur Einhaltung dieser Regeln verpflichtet.<\/p>\t\t\t\t\t\t\t\t<\/div>\n\t\t\t\t<\/div>\n\t\t\t\t<\/div>\n\t\t\t\t\t<\/div>\n\t\t\t\t<\/div>\n\t\t\t\t<\/div>\n\t\t","protected":false},"excerpt":{"rendered":"<p>Jugend- und Gesundheitsschutzkonzept des Vereins NEUN&amp;ZWANZIGER &#8211; CSC e.V. Stand: 20.04.2024 I. Einleitung \u00a0 Ziel unseres Jugend- und Gesundheitsschutzkonzepts ist die Sicherstellung und F\u00f6rderungder Gesundheit aller Mitgliederinnen und Mitglieder (nachfolgend: \u201eMitglieder\u201c) unseres Ver-eins sowie die Gew\u00e4hrleistung eines effektiven Schutzes von Kindern und Jugendlichen vorden Risiken des Cannabiskonsums. \u00a0 Uns liegt die Gesundheit aller Menschen und [&hellip;]<\/p>\n","protected":false},"author":1,"featured_media":0,"parent":0,"menu_order":0,"comment_status":"closed","ping_status":"closed","template":"","meta":{"footnotes":""},"class_list":["post-1228","page","type-page","status-publish","hentry"],"_links":{"self":[{"href":"https:\/\/neunundzwanziger.de\/en\/wp-json\/wp\/v2\/pages\/1228","targetHints":{"allow":["GET"]}}],"collection":[{"href":"https:\/\/neunundzwanziger.de\/en\/wp-json\/wp\/v2\/pages"}],"about":[{"href":"https:\/\/neunundzwanziger.de\/en\/wp-json\/wp\/v2\/types\/page"}],"author":[{"embeddable":true,"href":"https:\/\/neunundzwanziger.de\/en\/wp-json\/wp\/v2\/users\/1"}],"replies":[{"embeddable":true,"href":"https:\/\/neunundzwanziger.de\/en\/wp-json\/wp\/v2\/comments?post=1228"}],"version-history":[{"count":70,"href":"https:\/\/neunundzwanziger.de\/en\/wp-json\/wp\/v2\/pages\/1228\/revisions"}],"predecessor-version":[{"id":2523,"href":"https:\/\/neunundzwanziger.de\/en\/wp-json\/wp\/v2\/pages\/1228\/revisions\/2523"}],"wp:attachment":[{"href":"https:\/\/neunundzwanziger.de\/en\/wp-json\/wp\/v2\/media?parent=1228"}],"curies":[{"name":"wp","href":"https:\/\/api.w.org\/{rel}","templated":true}]}}